{"id":114,"date":"2024-02-11T21:30:26","date_gmt":"2024-02-11T18:30:26","guid":{"rendered":"http:\/\/trfenerji.com.tr\/?page_id=114"},"modified":"2024-02-11T21:34:02","modified_gmt":"2024-02-11T18:34:02","slug":"hizmetlerimiz-2","status":"publish","type":"page","link":"http:\/\/trfenerji.com.tr\/index.php\/hizmetlerimiz-2\/","title":{"rendered":"H\u0130ZMETLER\u0130M\u0130Z"},"content":{"rendered":"<ol>\n<li><a href=\"http:\/\/trfenerji.com.tr\/index.php\/2024\/02\/10\/arazi-ges-kurulumu-hakkinda-bilinmesi-gerekenler\/\" rel=\"noreferrer noopener\">Arazi GES Kurulumu Hakk\u0131nda Bilinmesi Gerekenler?<\/a><\/li>\n<li><a href=\"http:\/\/trfenerji.com.tr\/index.php\/2024\/02\/10\/fizibilite-calismalari\/\" rel=\"noreferrer noopener\">Fizibilite \u00c7al\u0131\u015fmalar\u0131<\/a><\/li>\n<li><a href=\"http:\/\/trfenerji.com.tr\/index.php\/2024\/02\/10\/ges-verim-takip-ve-analizi\/\" rel=\"noreferrer noopener\">GES Verim Takip ve Analizi<\/a><\/li>\n<li><a href=\"http:\/\/trfenerji.com.tr\/index.php\/2024\/02\/10\/projelendirme\/\" rel=\"noreferrer noopener\">Projelendirme<\/a><\/li>\n<li><a href=\"http:\/\/trfenerji.com.tr\/index.php\/2024\/02\/10\/saha-kesifleri-ve-uygunluk\/\" rel=\"noreferrer noopener\">Saha Ke\u015fifleri ve Uygunluk<\/a><\/li>\n<li><a href=\"http:\/\/trfenerji.com.tr\/index.php\/2024\/02\/10\/santral-kurulumu\/\" rel=\"noreferrer noopener\">Santral Kurulumu<\/a><\/li>\n<li><a href=\"http:\/\/trfenerji.com.tr\/index.php\/2024\/02\/10\/test-ariza-bakim-operasyonlarimiz\/\" rel=\"noreferrer noopener\">Test, Ar\u0131za, Bak\u0131m Operasyonlar\u0131m\u0131z<\/a><\/li>\n<\/ol>\n","protected":false},"excerpt":{"rendered":"<p>Arazi GES Kurulumu Hakk\u0131nda Bilinmesi Gerekenler? Fizibilite \u00c7al\u0131\u015fmalar\u0131 GES Verim Takip ve Analizi Projelendirme Saha Ke\u015fifleri ve Uygunluk Santral Kurulumu Test, Ar\u0131za, Bak\u0131m Operasyonlar\u0131m\u0131z<\/p>\n","protected":false},"author":1,"featured_media":0,"parent":0,"menu_order":0,"comment_status":"closed","ping_status":"closed","template":"","meta":{"footnotes":""},"_links":{"self":[{"href":"http:\/\/trfenerji.com.tr\/index.php\/wp-json\/wp\/v2\/pages\/114"}],"collection":[{"href":"http:\/\/trfenerji.com.tr\/index.php\/wp-json\/wp\/v2\/pages"}],"about":[{"href":"http:\/\/trfenerji.com.tr\/index.php\/wp-json\/wp\/v2\/types\/page"}],"author":[{"embeddable":true,"href":"http:\/\/trfenerji.com.tr\/index.php\/wp-json\/wp\/v2\/users\/1"}],"replies":[{"embeddable":true,"href":"http:\/\/trfenerji.com.tr\/index.php\/wp-json\/wp\/v2\/comments?post=114"}],"version-history":[{"count":3,"href":"http:\/\/trfenerji.com.tr\/index.php\/wp-json\/wp\/v2\/pages\/114\/revisions"}],"predecessor-version":[{"id":119,"href":"http:\/\/trfenerji.com.tr\/index.php\/wp-json\/wp\/v2\/pages\/114\/revisions\/119"}],"wp:attachment":[{"href":"http:\/\/trfenerji.com.tr\/index.php\/wp-json\/wp\/v2\/media?parent=114"}],"curies":[{"name":"wp","href":"https:\/\/api.w.org\/{rel}","templated":true}]}}